{"id":222,"date":"2021-02-22T22:08:40","date_gmt":"2021-02-22T19:08:40","guid":{"rendered":"https:\/\/www.drserkanpolat.com\/?page_id=222"},"modified":"2023-02-23T21:57:06","modified_gmt":"2023-02-23T18:57:06","slug":"guncel-bilgiler","status":"publish","type":"page","link":"https:\/\/www.drserkanpolat.com\/index.php\/guncel-bilgiler\/","title":{"rendered":"G\u00fcncel Makaleler"},"content":{"rendered":"\n<p><strong>Nature Dergisi \/ A\u011f\u0131z Cerrahisi ile ilgili g\u00fcncel bilgiler<\/strong><\/p>\n\n\n<ul class=\"has-dates wp-block-rss\"><li class='wp-block-rss__item'><div class='wp-block-rss__item-title'><a href='https:\/\/www.nature.com\/articles\/s41432-026-01211-5'>Reuse and recycle: is autogenous tooth graft effective for alveolar ridge preservation?<\/a><\/div><time datetime=\"2026-02-11T00:00:00+03:00\" class=\"wp-block-rss__item-publish-date\">11\/02\/2026<\/time> <\/li><li class='wp-block-rss__item'><div class='wp-block-rss__item-title'><a href='https:\/\/www.nature.com\/articles\/s41432-025-01201-z'>Low-level laser therapy in oral surgery: how strong is the evidence for improved postoperative outcomes?<\/a><\/div><time datetime=\"2026-01-23T00:00:00+03:00\" class=\"wp-block-rss__item-publish-date\">23\/01\/2026<\/time> <\/li><li class='wp-block-rss__item'><div class='wp-block-rss__item-title'><a href='https:\/\/www.nature.com\/articles\/s41432-025-01199-4'>Wisdom in healing: assessing the impact of DBBM-C on periodontal recovery after third molar extraction<\/a><\/div><time datetime=\"2025-12-10T00:00:00+03:00\" class=\"wp-block-rss__item-publish-date\">10\/12\/2025<\/time> <\/li><li class='wp-block-rss__item'><div class='wp-block-rss__item-title'><a href='https:\/\/www.nature.com\/articles\/s41598-025-26936-8'>An in vitro accuracy study on scan body-assisted surface based registration for conventional and zygomatic dental implants<\/a><\/div><time datetime=\"2025-12-03T00:00:00+03:00\" class=\"wp-block-rss__item-publish-date\">03\/12\/2025<\/time> <\/li><li class='wp-block-rss__item'><div class='wp-block-rss__item-title'><a href='https:\/\/www.nature.com\/articles\/s41405-025-00348-2'>Patient reported pain following tooth extraction with different autologous platelet concentrates. Systematic review<\/a><\/div><time datetime=\"2025-07-17T00:00:00+03:00\" class=\"wp-block-rss__item-publish-date\">17\/07\/2025<\/time> <\/li><\/ul>\n\n\n<p><strong>Oral Surgery \/ En \u00e7ok at\u0131f yap\u0131lan makaleler<\/strong><\/p>\n\n\n<ul class=\"has-dates wp-block-rss\"><li class='wp-block-rss__item'><div class='wp-block-rss__item-title'><a href='https:\/\/doi.org\/10.1111\/ors.12861'>Odontogenic sinusitis: A literature review<\/a><\/div><time datetime=\"2024-04-12T06:01:33+03:00\" class=\"wp-block-rss__item-publish-date\">12\/04\/2024<\/time> <\/li><li class='wp-block-rss__item'><div class='wp-block-rss__item-title'><a href='https:\/\/doi.org\/10.1111\/ors.12771'>Malignant transformation rate of oral submucous fibrosis: A\u00a0systematic review and meta\u2010analysis<\/a><\/div><time datetime=\"2023-04-11T10:31:39+03:00\" class=\"wp-block-rss__item-publish-date\">11\/04\/2023<\/time> <\/li><li class='wp-block-rss__item'><div class='wp-block-rss__item-title'><a href='https:\/\/doi.org\/10.1111\/ors.12762'>A meta\u2010synthesis of qualitative data exploring the experience of living with temporomandibular disorders: The patients&#039; voice<\/a><\/div><time datetime=\"2023-01-12T06:32:47+03:00\" class=\"wp-block-rss__item-publish-date\">12\/01\/2023<\/time> <\/li><li class='wp-block-rss__item'><div class='wp-block-rss__item-title'><a href='https:\/\/doi.org\/10.1111\/ors.12561'>Oral candidiasis in non\u2010severe COVID\u201019 patients: call for antibiotic stewardship<\/a><\/div><time datetime=\"2022-07-04T12:44:17+03:00\" class=\"wp-block-rss__item-publish-date\">04\/07\/2022<\/time> <\/li><li class='wp-block-rss__item'><div class='wp-block-rss__item-title'><a href='https:\/\/doi.org\/10.1111\/ors.12597'>Risk factors associated with osteoradionecrosis<\/a><\/div><time datetime=\"2021-07-28T03:34:29+03:00\" class=\"wp-block-rss__item-publish-date\">28\/07\/2021<\/time> <\/li><\/ul>\n\n\n<p><strong>Oral Surgery \/ En son \u00e7\u0131kan makaleler<\/strong><\/p>\n\n\n<ul class=\"has-dates wp-block-rss\"><li class='wp-block-rss__item'><div class='wp-block-rss__item-title'><a href='https:\/\/onlinelibrary.wiley.com\/doi\/10.1111\/ors.70047?af=R'>Non\u2010Autogenous vs. Autogenous Bone Block Grafts for Alveolar Ridge Augmentation: A Systematic Review<\/a><\/div><time datetime=\"2026-03-26T04:33:46+03:00\" class=\"wp-block-rss__item-publish-date\">26\/03\/2026<\/time> <\/li><li class='wp-block-rss__item'><div class='wp-block-rss__item-title'><a href='https:\/\/onlinelibrary.wiley.com\/doi\/10.1111\/ors.70057?af=R'>Evaluation of Self\u2010Reported Confidence Levels of Final Year Dentistry Students at the University of Queensland in Oral Surgery and General Medicine<\/a><\/div><time datetime=\"2026-03-25T05:24:52+03:00\" class=\"wp-block-rss__item-publish-date\">25\/03\/2026<\/time> <\/li><li class='wp-block-rss__item'><div class='wp-block-rss__item-title'><a href='https:\/\/onlinelibrary.wiley.com\/doi\/10.1111\/ors.70055?af=R'>Influence of Low\u2010Level Laser Therapy on Postoperative Pain After Dental Implant Placement: Results From 2 Randomised Controlled Trials<\/a><\/div><time datetime=\"2026-03-24T05:48:57+03:00\" class=\"wp-block-rss__item-publish-date\">24\/03\/2026<\/time> <\/li><li class='wp-block-rss__item'><div class='wp-block-rss__item-title'><a href='https:\/\/onlinelibrary.wiley.com\/doi\/10.1111\/ors.70058?af=R'>Women in Oral Surgery: Progress, Representation and the Future of the Specialty<\/a><\/div><time datetime=\"2026-03-20T05:20:55+03:00\" class=\"wp-block-rss__item-publish-date\">20\/03\/2026<\/time> <\/li><li class='wp-block-rss__item'><div class='wp-block-rss__item-title'><a href='https:\/\/onlinelibrary.wiley.com\/doi\/10.1111\/ors.70054?af=R'>Pleomorphic Adenoma With a TGFBR3\u2010PLAG1 Fusion: A Rare Case Report<\/a><\/div><time datetime=\"2026-03-20T04:09:55+03:00\" class=\"wp-block-rss__item-publish-date\">20\/03\/2026<\/time> <\/li><\/ul>\n\n\n<p><strong>Clinical Implant Dentistry and Related Research \/ En \u00e7ok at\u0131f yap\u0131lan makaleler<\/strong><\/p>\n\n\n<ul class=\"has-dates wp-block-rss\"><li class='wp-block-rss__item'><div class='wp-block-rss__item-title'><a href='https:\/\/doi.org\/10.1111\/cid.13155'>Impact of local predisposing\/precipitating factors and systemic drivers on peri\u2010implant diseases<\/a><\/div><time datetime=\"2023-08-03T06:57:54+03:00\" class=\"wp-block-rss__item-publish-date\">03\/08\/2023<\/time> <\/li><li class='wp-block-rss__item'><div class='wp-block-rss__item-title'><a href='https:\/\/doi.org\/10.1111\/cid.13122'>Early marginal bone loss around dental implants to define success in implant dentistry: A retrospective study<\/a><\/div><time datetime=\"2022-10-11T07:00:00+03:00\" class=\"wp-block-rss__item-publish-date\">11\/10\/2022<\/time> <\/li><li class='wp-block-rss__item'><div class='wp-block-rss__item-title'><a href='https:\/\/doi.org\/10.1111\/cid.13079'>Immediate implant placement with or without socket grafting: A systematic review and meta\u2010analysis<\/a><\/div><time datetime=\"2022-06-23T01:48:52+03:00\" class=\"wp-block-rss__item-publish-date\">23\/06\/2022<\/time> <\/li><li class='wp-block-rss__item'><div class='wp-block-rss__item-title'><a href='https:\/\/doi.org\/10.1111\/cid.13007'>Osseodensification effect on implants primary and secondary stability: Multicenter controlled clinical trial<\/a><\/div><time datetime=\"2021-06-25T07:12:59+03:00\" class=\"wp-block-rss__item-publish-date\">25\/06\/2021<\/time> <\/li><li class='wp-block-rss__item'><div class='wp-block-rss__item-title'><a href='https:\/\/doi.org\/10.1111\/cid.12994'>Long term clinical performance of 10\u2009871 dental implants with up to 22\u2009years of follow\u2010up: A cohort study in 4247 patients<\/a><\/div><time datetime=\"2021-06-25T07:12:59+03:00\" class=\"wp-block-rss__item-publish-date\">25\/06\/2021<\/time> <\/li><\/ul>\n\n\n<p><strong>Clinical Implant Dentistry and Related Research \/ Son \u00e7\u0131kan makaleler<\/strong><\/p>\n\n\n<ul class=\"has-dates wp-block-rss\"><li class='wp-block-rss__item'><div class='wp-block-rss__item-title'><a href='https:\/\/onlinelibrary.wiley.com\/doi\/10.1111\/cid.70142?af=R'>Survival and Risk Factors of Dental Implants in the Anterior Mandible: A Cohort Study<\/a><\/div><time datetime=\"2026-04-04T09:59:15+03:00\" class=\"wp-block-rss__item-publish-date\">04\/04\/2026<\/time> <\/li><li class='wp-block-rss__item'><div class='wp-block-rss__item-title'><a href='https:\/\/onlinelibrary.wiley.com\/doi\/10.1111\/cid.70141?af=R'>Zirconia and Titanium Implants Placed at Two Supracrestal Levels in Fresh Extraction Socket: Canine Periodontitis Model<\/a><\/div><time datetime=\"2026-04-04T09:45:42+03:00\" class=\"wp-block-rss__item-publish-date\">04\/04\/2026<\/time> <\/li><li class='wp-block-rss__item'><div class='wp-block-rss__item-title'><a href='https:\/\/onlinelibrary.wiley.com\/doi\/10.1111\/cid.70140?af=R'>Influence of Barrier Membrane and Peri\u2010Implantitis\u2010Like Bone Defect Configurations on Graft Stability<\/a><\/div><time datetime=\"2026-03-31T10:26:45+03:00\" class=\"wp-block-rss__item-publish-date\">31\/03\/2026<\/time> <\/li><li class='wp-block-rss__item'><div class='wp-block-rss__item-title'><a href='https:\/\/onlinelibrary.wiley.com\/doi\/10.1111\/cid.70138?af=R'>Bleeding on Probing as a Predictor of Peri\u2010Implant Bone Loss During Supportive Care: A Prospective Cohort Study<\/a><\/div><time datetime=\"2026-03-24T10:53:05+03:00\" class=\"wp-block-rss__item-publish-date\">24\/03\/2026<\/time> <\/li><li class='wp-block-rss__item'><div class='wp-block-rss__item-title'><a href='https:\/\/onlinelibrary.wiley.com\/doi\/10.1111\/cid.70137?af=R'>Efficacy of Xanthan\u2010Based Chlorhexidine Gel in Peri\u2010Implant Mucositis Treatment: A Split\u2010Mouth Randomized Clinical Trial<\/a><\/div><time datetime=\"2026-03-21T07:59:49+03:00\" class=\"wp-block-rss__item-publish-date\">21\/03\/2026<\/time> <\/li><\/ul>\n\n\n<p><strong>Clinical Oral Implant Research \/ En \u00e7ok at\u0131f yap\u0131lan makaleler<\/strong><\/p>\n\n\n<ul class=\"has-dates wp-block-rss\"><li class='wp-block-rss__item'><div class='wp-block-rss__item-title'><a href='https:\/\/doi.org\/10.1111\/clr.13684'>Prevalence and risk\/protective indicators of peri\u2010implant diseases: A university\u2010representative cross\u2010sectional study<\/a><\/div><time datetime=\"2021-01-06T09:25:59+03:00\" class=\"wp-block-rss__item-publish-date\">06\/01\/2021<\/time> <\/li><li class='wp-block-rss__item'><div class='wp-block-rss__item-title'><a href='https:\/\/doi.org\/10.1111\/clr.13435'>The accuracy of static vs. dynamic computer\u2010assisted implant surgery in single tooth space: A randomized controlled trial<\/a><\/div><time datetime=\"2019-06-06T08:16:07+03:00\" class=\"wp-block-rss__item-publish-date\">06\/06\/2019<\/time> <\/li><li class='wp-block-rss__item'><div class='wp-block-rss__item-title'><a href='https:\/\/doi.org\/10.1111\/clr.13276'>Implant placement and loading protocols in partially edentulous patients: A systematic review<\/a><\/div><time datetime=\"2018-10-17T07:00:00+03:00\" class=\"wp-block-rss__item-publish-date\">17\/10\/2018<\/time> <\/li><li class='wp-block-rss__item'><div class='wp-block-rss__item-title'><a href='https:\/\/doi.org\/10.1111\/clr.13306'>A systematic review of the survival and complication rates of zirconia\u2010ceramic and metal\u2010ceramic single crowns<\/a><\/div><time datetime=\"2018-10-17T07:00:00+03:00\" class=\"wp-block-rss__item-publish-date\">17\/10\/2018<\/time> <\/li><li class='wp-block-rss__item'><div class='wp-block-rss__item-title'><a href='https:\/\/doi.org\/10.1111\/clr.13273'>The accuracy of different dental impression techniques for implant\u2010supported dental prostheses: A systematic review and meta\u2010analysis<\/a><\/div><time datetime=\"2018-10-17T07:00:00+03:00\" class=\"wp-block-rss__item-publish-date\">17\/10\/2018<\/time> <\/li><\/ul>\n\n\n<p><strong>Clinical Oral Implant Research \/ Son \u00e7\u0131kan makaleler<\/strong><\/p>\n\n\n<ul class=\"has-dates wp-block-rss\"><li class='wp-block-rss__item'><div class='wp-block-rss__item-title'><a href='https:\/\/onlinelibrary.wiley.com\/doi\/10.1111\/clr.70125?af=R'>Development and Validation of a Machine Learning\u2010Based Model to Predict Peri\u2010Implant Mucositis in Patients With Dental Implant Placement After 1\u2010Year<\/a><\/div><time datetime=\"2026-04-06T04:01:06+03:00\" class=\"wp-block-rss__item-publish-date\">06\/04\/2026<\/time> <\/li><li class='wp-block-rss__item'><div class='wp-block-rss__item-title'><a href='https:\/\/onlinelibrary.wiley.com\/doi\/10.1111\/clr.70127?af=R'>Prior Tooth Mobility and Furcation Involvement Are Associated With Higher Dental Implant Failure Rates: A Propensity\u2010Matched Cohort Study<\/a><\/div><time datetime=\"2026-04-04T05:39:12+03:00\" class=\"wp-block-rss__item-publish-date\">04\/04\/2026<\/time> <\/li><li class='wp-block-rss__item'><div class='wp-block-rss__item-title'><a href='https:\/\/onlinelibrary.wiley.com\/doi\/10.1111\/clr.70123?af=R'>The Role of the Keratinized Mucosa in Peri\u2010Implant Diseases Onset and Brushing Discomfort: A 10\u2010Year Follow\u2010Up<\/a><\/div><time datetime=\"2026-03-30T03:45:40+03:00\" class=\"wp-block-rss__item-publish-date\">30\/03\/2026<\/time> <\/li><li class='wp-block-rss__item'><div class='wp-block-rss__item-title'><a href='https:\/\/onlinelibrary.wiley.com\/doi\/10.1111\/clr.70124?af=R'>Comparison of Immediate Implant Placement Accuracy Between Novice and Experienced Operators Using Aggressive and Apical\u2010Aggressive Thread Implant With dCAIS: An In\u00a0Vitro Model Study<\/a><\/div><time datetime=\"2026-03-26T08:15:23+03:00\" class=\"wp-block-rss__item-publish-date\">26\/03\/2026<\/time> <\/li><li class='wp-block-rss__item'><div class='wp-block-rss__item-title'><a href='https:\/\/onlinelibrary.wiley.com\/doi\/10.1111\/clr.70116?af=R'>Prosthetic Outcomes of Implant\u2010Assisted Maxillary Restorations in the Edentulous Maxilla: A Systematic Review and Meta\u2010Analysis<\/a><\/div><time datetime=\"2026-03-18T05:35:35+03:00\" class=\"wp-block-rss__item-publish-date\">18\/03\/2026<\/time> <\/li><\/ul>","protected":false},"excerpt":{"rendered":"<p>Nature Dergisi \/ A\u011f\u0131z Cerrahisi ile ilgili g\u00fcncel bilgiler Oral Surgery \/ En \u00e7ok at\u0131f yap\u0131lan makaleler Oral Surgery \/ En son \u00e7\u0131kan makaleler Clinical Implant Dentistry and Related Research \/ En \u00e7ok at\u0131f yap\u0131lan makaleler Clinical Implant Dentistry and Related Research \/ Son \u00e7\u0131kan makaleler Clinical Oral Implant Research \/ En \u00e7ok at\u0131f yap\u0131lan [&hellip;]<\/p>\n","protected":false},"author":1,"featured_media":0,"parent":0,"menu_order":0,"comment_status":"closed","ping_status":"closed","template":"","meta":{"site-sidebar-layout":"default","site-content-layout":"default","ast-site-content-layout":"default","site-content-style":"default","site-sidebar-style":"default","ast-global-header-display":"","ast-banner-title-visibility":"","ast-main-header-display":"","ast-hfb-above-header-display":"","ast-hfb-below-header-display":"","ast-hfb-mobile-header-display":"","site-post-title":"","ast-breadcrumbs-content":"","ast-featured-img":"","footer-sml-layout":"","theme-transparent-header-meta":"default","adv-header-id-meta":"","stick-header-meta":"","header-above-stick-meta":"","header-main-stick-meta":"","header-below-stick-meta":"","astra-migrate-meta-layouts":"default","ast-page-background-enabled":"default","ast-page-background-meta":{"desktop":{"background-color":"","background-image":"","background-repeat":"repeat","background-position":"center center","background-size":"auto","background-attachment":"scroll","background-type":"","background-media":"","overlay-type":"","overlay-color":"","overlay-opacity":"","overlay-gradient":""},"tablet":{"background-color":"","background-image":"","background-repeat":"repeat","background-position":"center center","background-size":"auto","background-attachment":"scroll","background-type":"","background-media":"","overlay-type":"","overlay-color":"","overlay-opacity":"","overlay-gradient":""},"mobile":{"background-color":"","background-image":"","background-repeat":"repeat","background-position":"center center","background-size":"auto","background-attachment":"scroll","background-type":"","background-media":"","overlay-type":"","overlay-color":"","overlay-opacity":"","overlay-gradient":""}},"ast-content-background-meta":{"desktop":{"background-color":"var(--ast-global-color-5)","background-image":"","background-repeat":"repeat","background-position":"center center","background-size":"auto","background-attachment":"scroll","background-type":"","background-media":"","overlay-type":"","overlay-color":"","overlay-opacity":"","overlay-gradient":""},"tablet":{"background-color":"var(--ast-global-color-5)","background-image":"","background-repeat":"repeat","background-position":"center center","background-size":"auto","background-attachment":"scroll","background-type":"","background-media":"","overlay-type":"","overlay-color":"","overlay-opacity":"","overlay-gradient":""},"mobile":{"background-color":"var(--ast-global-color-5)","background-image":"","background-repeat":"repeat","background-position":"center center","background-size":"auto","background-attachment":"scroll","background-type":"","background-media":"","overlay-type":"","overlay-color":"","overlay-opacity":"","overlay-gradient":""}},"jetpack_post_was_ever_published":false,"footnotes":""},"class_list":["post-222","page","type-page","status-publish","hentry"],"jetpack_sharing_enabled":true,"jetpack_shortlink":"https:\/\/wp.me\/Pam4Fp-3A","jetpack-related-posts":[],"_links":{"self":[{"href":"https:\/\/www.drserkanpolat.com\/index.php\/wp-json\/wp\/v2\/pages\/222","targetHints":{"allow":["GET"]}}],"collection":[{"href":"https:\/\/www.drserkanpolat.com\/index.php\/wp-json\/wp\/v2\/pages"}],"about":[{"href":"https:\/\/www.drserkanpolat.com\/index.php\/wp-json\/wp\/v2\/types\/page"}],"author":[{"embeddable":true,"href":"https:\/\/www.drserkanpolat.com\/index.php\/wp-json\/wp\/v2\/users\/1"}],"replies":[{"embeddable":true,"href":"https:\/\/www.drserkanpolat.com\/index.php\/wp-json\/wp\/v2\/comments?post=222"}],"version-history":[{"count":8,"href":"https:\/\/www.drserkanpolat.com\/index.php\/wp-json\/wp\/v2\/pages\/222\/revisions"}],"predecessor-version":[{"id":370,"href":"https:\/\/www.drserkanpolat.com\/index.php\/wp-json\/wp\/v2\/pages\/222\/revisions\/370"}],"wp:attachment":[{"href":"https:\/\/www.drserkanpolat.com\/index.php\/wp-json\/wp\/v2\/media?parent=222"}],"curies":[{"name":"wp","href":"https:\/\/api.w.org\/{rel}","templated":true}]}}