{"id":8,"date":"2018-10-13T14:47:44","date_gmt":"2018-10-13T14:47:44","guid":{"rendered":"http:\/\/drserkanpolat.com\/?page_id=8"},"modified":"2020-05-03T16:24:10","modified_gmt":"2020-05-03T13:24:10","slug":"home","status":"publish","type":"page","link":"https:\/\/www.drserkanpolat.com\/","title":{"rendered":"Ana Sayfa"},"content":{"rendered":"<p><img data-recalc-dims=\"1\" loading=\"lazy\" decoding=\"async\" class=\"wp-image-155 size-full aligncenter\" src=\"https:\/\/i0.wp.com\/www.drserkanpolat.com\/wp-content\/uploads\/2020\/05\/SerkanTulin-640-8.jpg?resize=641%2C428&#038;ssl=1\" alt=\"\" width=\"641\" height=\"428\" srcset=\"https:\/\/i0.wp.com\/www.drserkanpolat.com\/wp-content\/uploads\/2020\/05\/SerkanTulin-640-8.jpg?w=641&amp;ssl=1 641w, https:\/\/i0.wp.com\/www.drserkanpolat.com\/wp-content\/uploads\/2020\/05\/SerkanTulin-640-8.jpg?resize=300%2C200&amp;ssl=1 300w\" sizes=\"auto, (max-width: 641px) 100vw, 641px\" \/><\/p>\n<p>Ki\u015fisel Siteme\u00a0Ho\u015fgeldiniz.<\/p>\n<p>Bu site arac\u0131l\u0131\u011f\u0131yla ders notlar\u0131ma, sunumlar\u0131ma ve t\u00fcm payla\u015f\u0131mlar\u0131ma ula\u015fabilirsiniz. Ders notlar\u0131 hasta e\u011fitimi amac\u0131yla de\u011fil, di\u015f hekimli\u011fi \u00f6\u011frencilerimize kaynak olmas\u0131 amac\u0131yla payla\u015f\u0131lmaktad\u0131r. Burada verilen bilgiler hi\u00e7bir \u015fekilde tedavi \u00f6nerisi veya te\u015fhis yerine ge\u00e7mez.<\/p>\n","protected":false},"excerpt":{"rendered":"<p>Ki\u015fisel Siteme\u00a0Ho\u015fgeldiniz. Bu site arac\u0131l\u0131\u011f\u0131yla ders notlar\u0131ma, sunumlar\u0131ma ve t\u00fcm payla\u015f\u0131mlar\u0131ma ula\u015fabilirsiniz. Ders notlar\u0131 hasta e\u011fitimi amac\u0131yla de\u011fil, di\u015f hekimli\u011fi \u00f6\u011frencilerimize kaynak olmas\u0131 amac\u0131yla payla\u015f\u0131lmaktad\u0131r. Burada verilen bilgiler hi\u00e7bir \u015fekilde tedavi \u00f6nerisi veya te\u015fhis yerine ge\u00e7mez.<\/p>\n","protected":false},"author":1,"featured_media":0,"parent":0,"menu_order":0,"comment_status":"closed","ping_status":"closed","template":"","meta":{"site-sidebar-layout":"default","site-content-layout":"default","ast-site-content-layout":"default","site-content-style":"default","site-sidebar-style":"default","ast-global-header-display":"","ast-banner-title-visibility":"","ast-main-header-display":"","ast-hfb-above-header-display":"","ast-hfb-below-header-display":"","ast-hfb-mobile-header-display":"","site-post-title":"","ast-breadcrumbs-content":"","ast-featured-img":"","footer-sml-layout":"","theme-transparent-header-meta":"default","adv-header-id-meta":"","stick-header-meta":"","header-above-stick-meta":"","header-main-stick-meta":"","header-below-stick-meta":"","astra-migrate-meta-layouts":"default","ast-page-background-enabled":"default","ast-page-background-meta":{"desktop":{"background-color":"","background-image":"","background-repeat":"repeat","background-position":"center center","background-size":"auto","background-attachment":"scroll","background-type":"","background-media":"","overlay-type":"","overlay-color":"","overlay-opacity":"","overlay-gradient":""},"tablet":{"background-color":"","background-image":"","background-repeat":"repeat","background-position":"center center","background-size":"auto","background-attachment":"scroll","background-type":"","background-media":"","overlay-type":"","overlay-color":"","overlay-opacity":"","overlay-gradient":""},"mobile":{"background-color":"","background-image":"","background-repeat":"repeat","background-position":"center center","background-size":"auto","background-attachment":"scroll","background-type":"","background-media":"","overlay-type":"","overlay-color":"","overlay-opacity":"","overlay-gradient":""}},"ast-content-background-meta":{"desktop":{"background-color":"var(--ast-global-color-5)","background-image":"","background-repeat":"repeat","background-position":"center center","background-size":"auto","background-attachment":"scroll","background-type":"","background-media":"","overlay-type":"","overlay-color":"","overlay-opacity":"","overlay-gradient":""},"tablet":{"background-color":"var(--ast-global-color-5)","background-image":"","background-repeat":"repeat","background-position":"center center","background-size":"auto","background-attachment":"scroll","background-type":"","background-media":"","overlay-type":"","overlay-color":"","overlay-opacity":"","overlay-gradient":""},"mobile":{"background-color":"var(--ast-global-color-5)","background-image":"","background-repeat":"repeat","background-position":"center center","background-size":"auto","background-attachment":"scroll","background-type":"","background-media":"","overlay-type":"","overlay-color":"","overlay-opacity":"","overlay-gradient":""}},"jetpack_post_was_ever_published":false,"footnotes":""},"class_list":["post-8","page","type-page","status-publish","hentry"],"jetpack_sharing_enabled":true,"jetpack_shortlink":"https:\/\/wp.me\/Pam4Fp-8","jetpack-related-posts":[],"_links":{"self":[{"href":"https:\/\/www.drserkanpolat.com\/index.php\/wp-json\/wp\/v2\/pages\/8","targetHints":{"allow":["GET"]}}],"collection":[{"href":"https:\/\/www.drserkanpolat.com\/index.php\/wp-json\/wp\/v2\/pages"}],"about":[{"href":"https:\/\/www.drserkanpolat.com\/index.php\/wp-json\/wp\/v2\/types\/page"}],"author":[{"embeddable":true,"href":"https:\/\/www.drserkanpolat.com\/index.php\/wp-json\/wp\/v2\/users\/1"}],"replies":[{"embeddable":true,"href":"https:\/\/www.drserkanpolat.com\/index.php\/wp-json\/wp\/v2\/comments?post=8"}],"version-history":[{"count":5,"href":"https:\/\/www.drserkanpolat.com\/index.php\/wp-json\/wp\/v2\/pages\/8\/revisions"}],"predecessor-version":[{"id":157,"href":"https:\/\/www.drserkanpolat.com\/index.php\/wp-json\/wp\/v2\/pages\/8\/revisions\/157"}],"wp:attachment":[{"href":"https:\/\/www.drserkanpolat.com\/index.php\/wp-json\/wp\/v2\/media?parent=8"}],"curies":[{"name":"wp","href":"https:\/\/api.w.org\/{rel}","templated":true}]}}