{"id":9,"date":"2018-10-13T14:47:44","date_gmt":"2018-10-13T14:47:44","guid":{"rendered":"http:\/\/drserkanpolat.com\/?page_id=9"},"modified":"2022-09-04T20:07:31","modified_gmt":"2022-09-04T17:07:31","slug":"about","status":"publish","type":"page","link":"https:\/\/www.drserkanpolat.com\/index.php\/about\/","title":{"rendered":"Hakk\u0131mda"},"content":{"rendered":"<p><!--more--><\/p>\n<p>1996 y\u0131l\u0131nda Gazi \u00dcniversitesi Di\u015f Hekimli\u011fi Fak\u00fcltesini bitirdim. 2002 y\u0131l\u0131nda A\u011f\u0131z, Di\u015f ve \u00c7ene Cerrahisi doktora program\u0131ndan mezun oldum. 2006 y\u0131l\u0131nda Do\u00e7ent, 2011 y\u0131l\u0131nda Profes\u00f6r unvan\u0131 ald\u0131m. T\u00fcrk Oral ve Maksillofasiyal Cerrahi Derne\u011fi, European Association for Cranio-Maxillo-Facial Surgery ve International Association for Dental Research \u00fcyesiyim.<\/p>\n<p>2006 May\u0131s &#8211; 2007 Mart aylar\u0131 aras\u0131nda Ankara G\u00fclhane Askeri T\u0131p Akademisi, Di\u015f Hekimli\u011fi Bilimleri Merkezi, A\u011f\u0131z, Di\u015f ve \u00c7ene Cerrahisi AD&#8217;da Do\u00e7. Di\u015f Tbp. Ast\/T\u011fm olarak hizmet verdim. 2011 Aral\u0131k &#8211; 2012 Ocak aylar\u0131nda &#8220;St George&#8217;s University Hospitals, Department of Oral and Maxillofacial Surgery&#8221; klini\u011finde g\u00f6zlemci \u00f6\u011fretim \u00fcyesi olarak bulundum.<\/p>\n<p>Klinik ve ara\u015ft\u0131rma ortam\u0131nda kullan\u0131lan \u0130ngilizce \u201cDiagnostic Criteria for Temporomandibular Disorders (DC\/TMD; Schiffman et al. 2014)\u201d enstr\u00fcman\u0131 i\u00e7in \u0130sve\u00e7\u2019in Malm\u00f6 \u015fehrinde Nisan 2015\u2019te d\u00fczenlenen e\u011fitim ve kalibrasyon kursunu tamamlad\u0131m.<\/p>\n<p>\u201cInternational Network for Orofacial Pain and Related Disorders Methodology (INfORM)\u201d taraf\u0131ndan haz\u0131rlanm\u0131\u015f olan \u201cDiagnostic Criteria for Temporomandibular Disorders (2014)\u201d\u00fcn T\u00fcrk\u00e7e s\u00fcr\u00fcm\u00fcn\u00fc haz\u0131rlayan ekibin liderli\u011fini yapmaktay\u0131m (<a href=\"https:\/\/ubwp.buffalo.edu\/rdc-tmdinternational\/tmd-assessmentdiagnosis\/dc-tmd\/dc-tmd-translations\/\">https:\/\/ubwp.buffalo.edu\/rdc-tmdinternational\/tmd-assessmentdiagnosis\/dc-tmd\/dc-tmd-translations\/<\/a>).<\/p>\n<p>2012 ile 2016 y\u0131llar\u0131 aras\u0131nda Di\u015f Hekimli\u011fi Dekanlar\u0131 Konseyinin \u201cE\u011fitim ve Ara\u015ft\u0131rma Alt Kurulu\u201d ba\u015fkanl\u0131\u011f\u0131n\u0131 y\u00fcr\u00fctt\u00fcm. Alt Kurul; bu d\u00f6nemde \u201c<a href=\"https:\/\/www.drserkanpolat.com\/wp-content\/uploads\/2020\/05\/DU%C3%87EP-2016-Y%C3%96K.pdf\" target=\"_blank\" rel=\"noopener\">Mezuniyet \u00d6ncesi Di\u015f Hekimli\u011fi E\u011fitimi ulusal \u00c7ekirdek E\u011fitim Program\u0131 \u2013 2016<\/a>\u201d (DU\u00c7EP-2016) olmak \u00fczere \u201c<a href=\"https:\/\/www.drserkanpolat.com\/index.php\/2020\/08\/27\/dis-hekimligi-fakulteleri-acilabilmesi-icin-asgari-kriter-onerisi\/\" target=\"_blank\" rel=\"noopener\">Di\u015f Hekimli\u011fi Fak\u00fcltelerinin \u00d6\u011frenci Alabilmeleri i\u00e7in Gerekli Olan Asgari Kriterler<\/a>\u201d, \u201c<a href=\"https:\/\/www.drserkanpolat.com\/index.php\/2020\/08\/27\/ulkemizde-akademik-ortamin-gelistirilmesi-hakkinda-gorus\/\" target=\"_blank\" rel=\"noopener\">T\u00fcrkiye\u2019de Akademik Ortam\u0131n \u0130yile\u015ftirilmesi<\/a>\u201d gibi \u00fclkemiz i\u00e7in \u00f6nemli olan \u00e7al\u0131\u015fmalara imza atm\u0131\u015ft\u0131r. 2022 y\u0131l\u0131na kadar ayn\u0131 kurulda a\u011f\u0131z, di\u015f ve \u00e7ene cerrahisi uzmanl\u0131\u011f\u0131n\u0131 temsilen \u00fcye olarak g\u00f6rev yapt\u0131m. Son g\u00f6revimiz olarak &#8220;<a href=\"https:\/\/www.drserkanpolat.com\/wp-content\/uploads\/2022\/09\/DUCEP-2021.pdf\" target=\"_blank\" rel=\"noopener\">Mezuniyet \u00d6ncesi Di\u015f Hekimli\u011fi E\u011fitimi ulusal \u00c7ekirdek E\u011fitim Program\u0131 \u2013 2021<\/a>&#8221; tamamlayarak teslim ettik. Ekimizde yakalad\u0131\u011f\u0131m\u0131z uyum ve verimlili\u011fi devam ettirerek art\u0131k &#8220;<a href=\"https:\/\/www.udeg.org\/\" target=\"_blank\" rel=\"noopener\">Ulusal Di\u015f Hekimli\u011fi E\u011fitim G\u00f6n\u00fcll\u00fcleri<\/a>&#8221; olarak di\u015f hekimli\u011fi e\u011fitimini geli\u015ftirmek i\u00e7in \u00e7al\u0131\u015fmalar\u0131m\u0131za devam etmekteyiz.<\/p>\n<p>Ocak 2018 tarihinden itibaren <a href=\"https:\/\/www.akadentia.com\/\" target=\"_blank\" rel=\"noopener\">AKADENTIA \u00d6zel A\u011f\u0131z ve Di\u015f Sa\u011fl\u0131\u011f\u0131 Poliklini\u011finde<\/a>, a\u011f\u0131z, di\u015f ve \u00e7ene cerrahisi uzman\u0131 olarak \u00e7al\u0131\u015fmaktay\u0131m.<\/p>\n<p>\u0130lgi alanlar\u0131m; implantoloji (sin\u00fcs lifting, blok greft uygulamalar\u0131, piezocerrahi, all on four) temporomandibuler eklem rahats\u0131zl\u0131klar\u0131 (\u00e7ene eklemi hastal\u0131klar\u0131), lazer uygulamalar\u0131 ve oral cerrahi i\u015flemlerdir.<\/p>\n","protected":false},"excerpt":{"rendered":"","protected":false},"author":1,"featured_media":237,"parent":0,"menu_order":0,"comment_status":"closed","ping_status":"closed","template":"","meta":{"site-sidebar-layout":"default","site-content-layout":"default","ast-site-content-layout":"default","site-content-style":"default","site-sidebar-style":"default","ast-global-header-display":"","ast-banner-title-visibility":"","ast-main-header-display":"","ast-hfb-above-header-display":"","ast-hfb-below-header-display":"","ast-hfb-mobile-header-display":"","site-post-title":"","ast-breadcrumbs-content":"","ast-featured-img":"","footer-sml-layout":"","theme-transparent-header-meta":"default","adv-header-id-meta":"","stick-header-meta":"","header-above-stick-meta":"","header-main-stick-meta":"","header-below-stick-meta":"","astra-migrate-meta-layouts":"default","ast-page-background-enabled":"default","ast-page-background-meta":{"desktop":{"background-color":"","background-image":"","background-repeat":"repeat","background-position":"center center","background-size":"auto","background-attachment":"scroll","background-type":"","background-media":"","overlay-type":"","overlay-color":"","overlay-opacity":"","overlay-gradient":""},"tablet":{"background-color":"","background-image":"","background-repeat":"repeat","background-position":"center center","background-size":"auto","background-attachment":"scroll","background-type":"","background-media":"","overlay-type":"","overlay-color":"","overlay-opacity":"","overlay-gradient":""},"mobile":{"background-color":"","background-image":"","background-repeat":"repeat","background-position":"center center","background-size":"auto","background-attachment":"scroll","background-type":"","background-media":"","overlay-type":"","overlay-color":"","overlay-opacity":"","overlay-gradient":""}},"ast-content-background-meta":{"desktop":{"background-color":"var(--ast-global-color-5)","background-image":"","background-repeat":"repeat","background-position":"center center","background-size":"auto","background-attachment":"scroll","background-type":"","background-media":"","overlay-type":"","overlay-color":"","overlay-opacity":"","overlay-gradient":""},"tablet":{"background-color":"var(--ast-global-color-5)","background-image":"","background-repeat":"repeat","background-position":"center center","background-size":"auto","background-attachment":"scroll","background-type":"","background-media":"","overlay-type":"","overlay-color":"","overlay-opacity":"","overlay-gradient":""},"mobile":{"background-color":"var(--ast-global-color-5)","background-image":"","background-repeat":"repeat","background-position":"center center","background-size":"auto","background-attachment":"scroll","background-type":"","background-media":"","overlay-type":"","overlay-color":"","overlay-opacity":"","overlay-gradient":""}},"jetpack_post_was_ever_published":false,"footnotes":""},"class_list":["post-9","page","type-page","status-publish","has-post-thumbnail","hentry"],"jetpack_sharing_enabled":true,"jetpack_shortlink":"https:\/\/wp.me\/Pam4Fp-9","jetpack-related-posts":[],"_links":{"self":[{"href":"https:\/\/www.drserkanpolat.com\/index.php\/wp-json\/wp\/v2\/pages\/9","targetHints":{"allow":["GET"]}}],"collection":[{"href":"https:\/\/www.drserkanpolat.com\/index.php\/wp-json\/wp\/v2\/pages"}],"about":[{"href":"https:\/\/www.drserkanpolat.com\/index.php\/wp-json\/wp\/v2\/types\/page"}],"author":[{"embeddable":true,"href":"https:\/\/www.drserkanpolat.com\/index.php\/wp-json\/wp\/v2\/users\/1"}],"replies":[{"embeddable":true,"href":"https:\/\/www.drserkanpolat.com\/index.php\/wp-json\/wp\/v2\/comments?post=9"}],"version-history":[{"count":9,"href":"https:\/\/www.drserkanpolat.com\/index.php\/wp-json\/wp\/v2\/pages\/9\/revisions"}],"predecessor-version":[{"id":328,"href":"https:\/\/www.drserkanpolat.com\/index.php\/wp-json\/wp\/v2\/pages\/9\/revisions\/328"}],"wp:featuredmedia":[{"embeddable":true,"href":"https:\/\/www.drserkanpolat.com\/index.php\/wp-json\/wp\/v2\/media\/237"}],"wp:attachment":[{"href":"https:\/\/www.drserkanpolat.com\/index.php\/wp-json\/wp\/v2\/media?parent=9"}],"curies":[{"name":"wp","href":"https:\/\/api.w.org\/{rel}","templated":true}]}}